{"id":39607,"date":"2023-02-09T14:14:46","date_gmt":"2023-02-09T13:14:46","guid":{"rendered":"https:\/\/virtualwareco.com\/?page_id=39607"},"modified":"2025-11-24T12:45:01","modified_gmt":"2025-11-24T12:45:01","slug":"contacto","status":"publish","type":"page","link":"https:\/\/virtualwareco.com\/es\/contacto\/","title":{"rendered":"Contacta"},"content":{"rendered":"\t\t<div data-elementor-type=\"wp-page\" data-elementor-id=\"39607\" class=\"elementor elementor-39607 elementor-6241\" data-elementor-post-type=\"page\">\n\t\t\t\t<div class=\"elementor-element elementor-element-488db6a e-con-full e-flex e-con e-parent\" data-id=\"488db6a\" data-element_type=\"container\" data-settings=\"{&quot;background_background&quot;:&quot;classic&quot;}\">\n\t\t<div class=\"elementor-element elementor-element-f7a9f6b e-con-full e-flex e-con e-child\" data-id=\"f7a9f6b\" data-element_type=\"container\" data-settings=\"{&quot;background_background&quot;:&quot;classic&quot;}\">\n\t\t\t\t<div class=\"elementor-element elementor-element-1556035 elementor-widget elementor-widget-spacer\" data-id=\"1556035\" data-element_type=\"widget\" data-widget_type=\"spacer.default\">\n\t\t\t\t\t\t\t<div class=\"elementor-spacer\">\n\t\t\t<div class=\"elementor-spacer-inner\"><\/div>\n\t\t<\/div>\n\t\t\t\t\t\t<\/div>\n\t\t\t\t<\/div>\n\t\t<div class=\"elementor-element elementor-element-191373f e-con-full e-flex e-con e-child\" data-id=\"191373f\" data-element_type=\"container\" data-settings=\"{&quot;background_background&quot;:&quot;classic&quot;}\">\n\t\t\t\t<div class=\"elementor-element elementor-element-76868f1 elementor-widget elementor-widget-heading\" data-id=\"76868f1\" data-element_type=\"widget\" data-widget_type=\"heading.default\">\n\t\t\t\t\t<h1 class=\"elementor-heading-title elementor-size-default\">Contacta con nuestro equipo<\/h1>\t\t\t\t<\/div>\n\t\t\t\t<div class=\"elementor-element elementor-element-0b96ace iframe-contacto elementor-widget elementor-widget-html\" data-id=\"0b96ace\" data-element_type=\"widget\" data-widget_type=\"html.default\">\n\t\t\t\t\t<div data-form-id='39377de9-1962-f011-bec3-7c1e5277d8fa' data-form-api-url='https:\/\/public-eur.mkt.dynamics.com\/api\/v1.0\/orgs\/79824171-f5e5-4791-b462-fe14dfe12087\/landingpageforms' data-cached-form-url='https:\/\/assets-eur.mkt.dynamics.com\/79824171-f5e5-4791-b462-fe14dfe12087\/digitalassets\/forms\/39377de9-1962-f011-bec3-7c1e5277d8fa' ><\/div> <script src='https:\/\/cxppusa1formui01cdnsa01-endpoint.azureedge.net\/eur\/FormLoader\/FormLoader.bundle.js' ><\/script>\t\t\t\t<\/div>\n\t\t\t\t<\/div>\n\t\t\t\t<\/div>\n\t\t\t\t<section class=\"elementor-section elementor-top-section elementor-element elementor-element-125fd38 elementor-section-full_width elementor-section-height-default elementor-section-height-default\" data-id=\"125fd38\" data-element_type=\"section\">\n\t\t\t\t\t\t<div class=\"elementor-container elementor-column-gap-no\">\n\t\t\t\t\t<div class=\"elementor-column elementor-col-100 elementor-top-column elementor-element elementor-element-d1717d9\" data-id=\"d1717d9\" data-element_type=\"column\">\n\t\t\t<div class=\"elementor-widget-wrap elementor-element-populated\">\n\t\t\t\t\t\t<div class=\"elementor-element elementor-element-9f67d43 elementor-widget elementor-widget-leroux_core_section_title\" data-id=\"9f67d43\" data-element_type=\"widget\" data-widget_type=\"leroux_core_section_title.default\">\n\t\t\t\t<div class=\"elementor-widget-container\">\n\t\t\t\t\t<div class=\"qodef-shortcode qodef-m qodef-section-title qodef-alignment--left\">\r\n\t\t<h2 class=\"qodef-m-title\" >\r\n\t\t\t\t\tNuestras oficinas\t\t\t<\/h2>\r\n\t<\/div>\r\n\t\t\t\t<\/div>\n\t\t\t\t<\/div>\n\t\t\t\t\t<\/div>\n\t\t<\/div>\n\t\t\t\t\t<\/div>\n\t\t<\/section>\n\t\t\t\t<section class=\"elementor-section elementor-top-section elementor-element elementor-element-1d4eb21 elementor-section-full_width elementor-section-height-default elementor-section-height-default\" data-id=\"1d4eb21\" data-element_type=\"section\">\n\t\t\t\t\t\t<div class=\"elementor-container elementor-column-gap-no\">\n\t\t\t\t\t<div class=\"elementor-column elementor-col-20 elementor-top-column elementor-element elementor-element-98fafdf\" data-id=\"98fafdf\" data-element_type=\"column\">\n\t\t\t<div class=\"elementor-widget-wrap elementor-element-populated\">\n\t\t\t\t\t\t<div class=\"elementor-element elementor-element-05eeb27 elementor-widget elementor-widget-leroux_core_section_title\" data-id=\"05eeb27\" data-element_type=\"widget\" data-widget_type=\"leroux_core_section_title.default\">\n\t\t\t\t<div class=\"elementor-widget-container\">\n\t\t\t\t\t<div class=\"qodef-shortcode qodef-m qodef-section-title qodef-alignment--left\">\r\n\t\t<h4 class=\"qodef-m-title\" >\r\n\t\t\t\t\tEspa\u00f1a\t\t\t<\/h4>\r\n\t<\/div>\r\n\t\t\t\t<\/div>\n\t\t\t\t<\/div>\n\t\t\t\t<div class=\"elementor-element elementor-element-f5a180d elementor-widget elementor-widget-text-editor\" data-id=\"f5a180d\" data-element_type=\"widget\" data-widget_type=\"text-editor.default\">\n\t\t\t\t\t\t\t\t\t<p><a class=\"qodef-link--underline\" href=\"https:\/\/www.google.com\/maps\/place\/SUNY+College+at+Old+Westbury\/@40.797086,-73.5739468,17z\/data=!3m1!4b1!4m5!3m4!1s0x89c286b9d1a30b3b:0x57c0cda29c90ff7c!8m2!3d40.797082!4d-73.5717581\" target=\"_blank\" rel=\"noopener nofollow\">Usausuaga 7<\/a><\/p>\t\t\t\t\t\t\t\t<\/div>\n\t\t\t\t<div class=\"elementor-element elementor-element-422416c elementor-widget elementor-widget-text-editor\" data-id=\"422416c\" data-element_type=\"widget\" data-widget_type=\"text-editor.default\">\n\t\t\t\t\t\t\t\t\t<p><a class=\"qodef-link--underline\" href=\"tel:+123456789000\">48970 &#8211; Basauri, Vizcaya<br \/><\/a><\/p>\n\t\t\t\t\t\t\t\t<\/div>\n\t\t\t\t<div class=\"elementor-element elementor-element-565af6c elementor-widget elementor-widget-text-editor\" data-id=\"565af6c\" data-element_type=\"widget\" data-widget_type=\"text-editor.default\">\n\t\t\t\t\t\t\t\t\t<p>+34 946 452 130<\/p>\n\t\t\t\t\t\t\t\t<\/div>\n\t\t\t\t\t<\/div>\n\t\t<\/div>\n\t\t\t\t<div class=\"elementor-column elementor-col-20 elementor-top-column elementor-element elementor-element-eb0bfd4\" data-id=\"eb0bfd4\" data-element_type=\"column\">\n\t\t\t<div class=\"elementor-widget-wrap elementor-element-populated\">\n\t\t\t\t\t\t<div class=\"elementor-element elementor-element-b2aefc7 elementor-widget elementor-widget-leroux_core_section_title\" data-id=\"b2aefc7\" data-element_type=\"widget\" data-widget_type=\"leroux_core_section_title.default\">\n\t\t\t\t<div class=\"elementor-widget-container\">\n\t\t\t\t\t<div class=\"qodef-shortcode qodef-m qodef-section-title qodef-alignment--left\">\r\n\t\t<h4 class=\"qodef-m-title\" >\r\n\t\t\t\t\tCanad\u00e1\t\t\t<\/h4>\r\n\t<\/div>\r\n\t\t\t\t<\/div>\n\t\t\t\t<\/div>\n\t\t\t\t<div class=\"elementor-element elementor-element-cd6e271 elementor-widget elementor-widget-text-editor\" data-id=\"cd6e271\" data-element_type=\"widget\" data-widget_type=\"text-editor.default\">\n\t\t\t\t\t\t\t\t\t<p><span data-olk-copy-source=\"MessageBody\">175 Longwood Rd. S suite 101<\/span><\/p>\t\t\t\t\t\t\t\t<\/div>\n\t\t\t\t<div class=\"elementor-element elementor-element-c86e14f elementor-widget elementor-widget-text-editor\" data-id=\"c86e14f\" data-element_type=\"widget\" data-widget_type=\"text-editor.default\">\n\t\t\t\t\t\t\t\t\t<p>Hamilton ON, <span data-olk-copy-source=\"MessageBody\">L8P0A1<\/span><\/p>\t\t\t\t\t\t\t\t<\/div>\n\t\t\t\t<div class=\"elementor-element elementor-element-174afeb elementor-widget elementor-widget-text-editor\" data-id=\"174afeb\" data-element_type=\"widget\" data-widget_type=\"text-editor.default\">\n\t\t\t\t\t\t\t\t\t<p>+1 647 460 8543<\/p>\n\t\t\t\t\t\t\t\t<\/div>\n\t\t\t\t\t<\/div>\n\t\t<\/div>\n\t\t\t\t<div class=\"elementor-column elementor-col-20 elementor-top-column elementor-element elementor-element-f2cbb30\" data-id=\"f2cbb30\" data-element_type=\"column\">\n\t\t\t<div class=\"elementor-widget-wrap elementor-element-populated\">\n\t\t\t\t\t\t<div class=\"elementor-element elementor-element-f9556c6 elementor-widget elementor-widget-leroux_core_section_title\" data-id=\"f9556c6\" data-element_type=\"widget\" data-widget_type=\"leroux_core_section_title.default\">\n\t\t\t\t<div class=\"elementor-widget-container\">\n\t\t\t\t\t<div class=\"qodef-shortcode qodef-m qodef-section-title qodef-alignment--left\">\r\n\t\t<h4 class=\"qodef-m-title\" >\r\n\t\t\t\t\tEE.UU.\t\t\t<\/h4>\r\n\t<\/div>\r\n\t\t\t\t<\/div>\n\t\t\t\t<\/div>\n\t\t\t\t<div class=\"elementor-element elementor-element-000d54e elementor-widget elementor-widget-text-editor\" data-id=\"000d54e\" data-element_type=\"widget\" data-widget_type=\"text-editor.default\">\n\t\t\t\t\t\t\t\t\t<p>56 East Pine Street, Suite 200<\/p>\n\t\t\t\t\t\t\t\t<\/div>\n\t\t\t\t<div class=\"elementor-element elementor-element-32ba98b elementor-widget elementor-widget-text-editor\" data-id=\"32ba98b\" data-element_type=\"widget\" data-widget_type=\"text-editor.default\">\n\t\t\t\t\t\t\t\t\t<p>Orlando, FL 32801<\/p>\n\t\t\t\t\t\t\t\t<\/div>\n\t\t\t\t<div class=\"elementor-element elementor-element-94a4984 elementor-widget elementor-widget-text-editor\" data-id=\"94a4984\" data-element_type=\"widget\" data-widget_type=\"text-editor.default\">\n\t\t\t\t\t\t\t\t\t<p>+1 407 552 1746<\/p>\n\t\t\t\t\t\t\t\t<\/div>\n\t\t\t\t\t<\/div>\n\t\t<\/div>\n\t\t\t\t<div class=\"elementor-column elementor-col-20 elementor-top-column elementor-element elementor-element-011eb56\" data-id=\"011eb56\" data-element_type=\"column\">\n\t\t\t<div class=\"elementor-widget-wrap elementor-element-populated\">\n\t\t\t\t\t\t<div class=\"elementor-element elementor-element-0c165ed elementor-widget elementor-widget-leroux_core_section_title\" data-id=\"0c165ed\" data-element_type=\"widget\" data-widget_type=\"leroux_core_section_title.default\">\n\t\t\t\t<div class=\"elementor-widget-container\">\n\t\t\t\t\t<div class=\"qodef-shortcode qodef-m qodef-section-title qodef-alignment--left\">\r\n\t\t<h4 class=\"qodef-m-title\" >\r\n\t\t\t\t\tSuecia\t\t\t<\/h4>\r\n\t<\/div>\r\n\t\t\t\t<\/div>\n\t\t\t\t<\/div>\n\t\t\t\t<div class=\"elementor-element elementor-element-2789365 elementor-widget elementor-widget-text-editor\" data-id=\"2789365\" data-element_type=\"widget\" data-widget_type=\"text-editor.default\">\n\t\t\t\t\t\t\t\t\t<p>Haganders v\u00e4g 7,<br \/>541 34 Sk\u00f6vde<\/p>\t\t\t\t\t\t\t\t<\/div>\n\t\t\t\t\t<\/div>\n\t\t<\/div>\n\t\t\t\t<div class=\"elementor-column elementor-col-20 elementor-top-column elementor-element elementor-element-f147e16\" data-id=\"f147e16\" data-element_type=\"column\">\n\t\t\t<div class=\"elementor-widget-wrap elementor-element-populated\">\n\t\t\t\t\t\t<div class=\"elementor-element elementor-element-21b43f7 elementor-widget elementor-widget-leroux_core_section_title\" data-id=\"21b43f7\" data-element_type=\"widget\" data-widget_type=\"leroux_core_section_title.default\">\n\t\t\t\t<div class=\"elementor-widget-container\">\n\t\t\t\t\t<div class=\"qodef-shortcode qodef-m qodef-section-title qodef-alignment--left\">\r\n\t\t<h4 class=\"qodef-m-title\" >\r\n\t\t\t\t\tS\u00edguenos\t\t\t<\/h4>\r\n\t<\/div>\r\n\t\t\t\t<\/div>\n\t\t\t\t<\/div>\n\t\t\t\t<div class=\"elementor-element elementor-element-4e863b3 elementor-widget elementor-widget-text-editor\" data-id=\"4e863b3\" data-element_type=\"widget\" data-widget_type=\"text-editor.default\">\n\t\t\t\t\t\t\t\t\t<a class=\"qodef-link--underline\" href=\"https:\/\/www.linkedin.com\/company\/virtualware\/\" target=\"_blank\" rel=\"noopener nofollow\">LinkedIn<\/a>\t\t\t\t\t\t\t\t<\/div>\n\t\t\t\t<div class=\"elementor-element elementor-element-350d5cb elementor-widget elementor-widget-text-editor\" data-id=\"350d5cb\" data-element_type=\"widget\" data-widget_type=\"text-editor.default\">\n\t\t\t\t\t\t\t\t\t<a class=\"qodef-link--underline\" href=\"https:\/\/www.instagram.com\/virtualware\/\" target=\"_blank\" rel=\"noopener nofollow\">Instagram<\/a>\t\t\t\t\t\t\t\t<\/div>\n\t\t\t\t<div class=\"elementor-element elementor-element-89f803e elementor-widget elementor-widget-text-editor\" data-id=\"89f803e\" data-element_type=\"widget\" data-widget_type=\"text-editor.default\">\n\t\t\t\t\t\t\t\t\t<a class=\"qodef-link--underline\" href=\"https:\/\/www.youtube.com\/c\/virtualware\/\" target=\"_blank\" rel=\"noopener nofollow\">Youtube<\/a>\t\t\t\t\t\t\t\t<\/div>\n\t\t\t\t<div class=\"elementor-element elementor-element-6616f5b elementor-widget elementor-widget-text-editor\" data-id=\"6616f5b\" data-element_type=\"widget\" data-widget_type=\"text-editor.default\">\n\t\t\t\t\t\t\t\t\t<a class=\"qodef-link--underline\" href=\"https:\/\/www.x.com\/virtualware\/\" target=\"_blank\" rel=\"noopener nofollow\">X (Twitter) <\/a>\t\t\t\t\t\t\t\t<\/div>\n\t\t\t\t\t<\/div>\n\t\t<\/div>\n\t\t\t\t\t<\/div>\n\t\t<\/section>\n\t\t\t\t<section class=\"elementor-section elementor-top-section elementor-element elementor-element-5a713ec elementor-section-full_width elementor-section-height-min-height elementor-section-height-default elementor-section-items-middle\" data-id=\"5a713ec\" data-element_type=\"section\">\n\t\t\t\t\t\t<div class=\"elementor-container elementor-column-gap-no\">\n\t\t\t\t\t<div class=\"elementor-column elementor-col-100 elementor-top-column elementor-element elementor-element-22177d0\" data-id=\"22177d0\" data-element_type=\"column\">\n\t\t\t<div class=\"elementor-widget-wrap elementor-element-populated\">\n\t\t\t\t\t\t<div class=\"elementor-element elementor-element-82e781d elementor-widget elementor-widget-leroux_core_google_map\" data-id=\"82e781d\" data-element_type=\"widget\" data-widget_type=\"leroux_core_google_map.default\">\n\t\t\t\t<div class=\"elementor-widget-container\">\n\t\t\t\t\t<div class=\"qodef-shortcode qodef-m qodef-google-map\">\r\n\t<div class=\"qodef-m-map\" id=\"qodef-map-id--462\" data-addresses='[\"223 Store Hill Rd, Old Westbury, NY 11568, Estados Unidos\"]' data-pin=https:\/\/virtualwareco.com\/wp-content\/uploads\/2023\/05\/pin.png data-unique-id=462 data-height=650><\/div>\r\n<\/div>\r\n\t\t\t\t<\/div>\n\t\t\t\t<\/div>\n\t\t\t\t\t<\/div>\n\t\t<\/div>\n\t\t\t\t\t<\/div>\n\t\t<\/section>\n\t\t\t\t<\/div>\n\t\t","protected":false},"excerpt":{"rendered":"<p>Contacta con nuestro equipo Nuestras oficinas Espa\u00f1a Usausuaga 7 48970 &#8211; Basauri, Vizcaya +34 946 452 130 Canad\u00e1 175 Longwood Rd. S suite 101 Hamilton ON, L8P0A1 +1 647 460 8543 EE.UU. 56 East Pine Street, Suite 200 Orlando, FL 32801 +1 407 552 1746 Suecia Haganders v\u00e4g 7,541 34 Sk\u00f6vde S\u00edguenos LinkedInInstagramYoutubeX (Twitter)<\/p>\n","protected":false},"author":2,"featured_media":39825,"parent":0,"menu_order":0,"comment_status":"closed","ping_status":"closed","template":"page-full-width.php","meta":{"footnotes":""},"class_list":["post-39607","page","type-page","status-publish","has-post-thumbnail","hentry"],"_links":{"self":[{"href":"https:\/\/virtualwareco.com\/es\/wp-json\/wp\/v2\/pages\/39607","targetHints":{"allow":["GET"]}}],"collection":[{"href":"https:\/\/virtualwareco.com\/es\/wp-json\/wp\/v2\/pages"}],"about":[{"href":"https:\/\/virtualwareco.com\/es\/wp-json\/wp\/v2\/types\/page"}],"author":[{"embeddable":true,"href":"https:\/\/virtualwareco.com\/es\/wp-json\/wp\/v2\/users\/2"}],"replies":[{"embeddable":true,"href":"https:\/\/virtualwareco.com\/es\/wp-json\/wp\/v2\/comments?post=39607"}],"version-history":[{"count":37,"href":"https:\/\/virtualwareco.com\/es\/wp-json\/wp\/v2\/pages\/39607\/revisions"}],"predecessor-version":[{"id":42327,"href":"https:\/\/virtualwareco.com\/es\/wp-json\/wp\/v2\/pages\/39607\/revisions\/42327"}],"wp:featuredmedia":[{"embeddable":true,"href":"https:\/\/virtualwareco.com\/es\/wp-json\/wp\/v2\/media\/39825"}],"wp:attachment":[{"href":"https:\/\/virtualwareco.com\/es\/wp-json\/wp\/v2\/media?parent=39607"}],"curies":[{"name":"wp","href":"https:\/\/api.w.org\/{rel}","templated":true}]}}