{"id":39615,"date":"2023-01-16T15:05:35","date_gmt":"2023-01-16T14:05:35","guid":{"rendered":"https:\/\/virtualwareco.com\/politica-de-privacidad\/"},"modified":"2026-01-30T14:36:03","modified_gmt":"2026-01-30T13:36:03","slug":"politica-de-privacidad","status":"publish","type":"page","link":"https:\/\/virtualwareco.com\/es\/politica-de-privacidad\/","title":{"rendered":"Pol\u00edtica de privacidad"},"content":{"rendered":"\t\t<div data-elementor-type=\"wp-page\" data-elementor-id=\"39615\" class=\"elementor elementor-39615 elementor-11122\" data-elementor-post-type=\"page\">\n\t\t\t\t<div class=\"elementor-element elementor-element-e307052 e-con-full e-flex e-con e-parent\" data-id=\"e307052\" data-element_type=\"container\">\n\t\t<div class=\"elementor-element elementor-element-8b3a58c e-con-full e-flex e-con e-child\" data-id=\"8b3a58c\" data-element_type=\"container\">\n\t\t\t\t<div class=\"elementor-element elementor-element-8f2cd22 elementor-widget elementor-widget-text-editor\" data-id=\"8f2cd22\" data-element_type=\"widget\" data-widget_type=\"text-editor.default\">\n\t\t\t\t\t\t\t\t\t<h2 class=\"xxxmsonormal\"><b>Pol\u00edtica de protecci\u00f3n de datos personales<\/b><\/h2><p class=\"xxxmsonormal\">En <b>Virtualware 2007 S.A<\/b> somos conscientes de la importancia que tiene el garantizar la seguridad y la identidad de nuestros clientes y usuarios, as\u00ed como el correcto tratamiento de los datos que nos ceden para el desempe\u00f1o de nuestras funciones. Es por ello que nos hemos adecuado a la normativa europea de protecci\u00f3n de datos personales &#8211; Reglamento (UE) 2016\/679 (RGPD)\u2013 y a su trasposici\u00f3n a la legislaci\u00f3n espa\u00f1ola en la Ley Org\u00e1nica 3\/2018 de Protecci\u00f3n de Datos y Garant\u00eda de los Derechos Digitales (LOPD-GDD) y ponemos a su disposici\u00f3n todo lo que necesita para entenderla. Adem\u00e1s, hemos previsto medidas de seguridad para garantizar el cumplimiento en funci\u00f3n de la tipolog\u00eda de datos que usamos y de su correcto tratamiento mediante t\u00e9cnicas de an\u00e1lisis de riesgos.<\/p><p class=\"xxxmsonormal\">Entre otras, el marco legislativo al que hacemos referencia es el siguiente:<\/p><ul style=\"list-style-type: disc;\"><li class=\"xxxmsonormal\">Ley Org\u00e1nica 3\/2018 \u2013 LOPD-GDD<\/li><li class=\"xxxmsonormal\">Reglamento Europeo (UE) 679\/2016 &#8211; RGPD<\/li><li class=\"xxxmsonormal\">Ley 34\/2002, de 11 de julio, de Servicios de la Sociedad de la Informaci\u00f3n y de Comercio Electr\u00f3nico<\/li><\/ul><p class=\"xxxmsonormal\">Proporcionamos aqu\u00ed la informaci\u00f3n m\u00e1s relevante que puede ser de inter\u00e9s:<\/p><h3 class=\"xxxmsonormal\"><b>\u00bfQui\u00e9n es el Responsable de sus datos?<\/b><\/h3><p class=\"xxxmsonormal\">RESPONSABLE<\/p><p class=\"xxxmsonormal\">Raz\u00f3n Social: VIRTUALWARE 2007 S.A<br \/>CIF: A95291613<br \/>Oficinas Centrales: C\/Usausuaga 7. 1\u00ba . 48970 -Basauri. Bizkaia. Espa\u00f1a.<\/p><p class=\"xxxmsonormal\">Marca Comercial: VIRTUALWARE<br \/>Delegado de Protecci\u00f3n de Datos: <a href=\"mailto:dpo@virtualwareco.com\">dpo@virtualwareco.com<\/a><br \/>Tel\u00e9fono: +34 946452130<\/p><h3 class=\"xxxmsonormal\"><b>\u00bfPara qu\u00e9 vamos a usar sus datos?<\/b><\/h3><h4 class=\"xxxmsonormal\">FINALIDAD Y LEGITIMACI\u00d3N<\/h4><p class=\"xxxmsonormal\">En Virtualware 2007 S.A (en adelante VIRTUALWARE) utilizamos sus datos para la correcta ejecuci\u00f3n de los servicios ofrecidos por nuestra entidad. Entre otros:<\/p><ul><li class=\"xxxmsonormal\">Para el uso adecuado del \u201c\u00c1rea de Contacto\u201d o de las Ofertas de empleo existentes.<\/li><li class=\"xxxmsonormal\">Para poder informar de las novedades v\u00eda Newsletter .<\/li><li class=\"xxxmsonormal\">Para la gesti\u00f3n adecuada del proceso de contrataci\u00f3n de nuestros servicios \/productos.<\/li><\/ul><p class=\"xxxmsonormal\">El tratamiento de sus datos para el desarrollo de las actuaciones antes descritas est\u00e1 basado en su consentimiento expreso, que otorga al facilitar los datos que se solicitan, rellenando y aceptando este aviso legal en el proceso de inscripci\u00f3n y cesi\u00f3n de datos en cualquiera de nuestras \u00e1reas o mediante el formulario de contacto .<\/p><p class=\"xxxmsonormal\">En ning\u00fan caso, se realizar\u00e1n acciones individualizadas automatizadas y\/o elaboraci\u00f3n de perfiles, que produzcan efectos jur\u00eddicos o le afecten significativamente de modo similar, salvo aquellos espec\u00edficos en los procesos de selecci\u00f3n en aquellas ofertas de empleo en las que se inscriban.<\/p><p class=\"xxxmsonormal\">El usuario o cliente ser\u00e1 el \u00fanico responsable de la cumplimentaci\u00f3n de los formularios con datos falsos, inexactos, incompletos o no actualizados.<\/p><p class=\"xxxmsonormal\">Virtualware no contempla la recogida de datos que revelan origen \u00e9tnico o racial, opiniones pol\u00edticas, convicciones religiosas o filos\u00f3ficas,\u00a0 orientaci\u00f3n sexual, salud o afiliaci\u00f3n sindical.<\/p><h3 class=\"xxxmsonormal\"><b>\u00bfA qui\u00e9n comunicaremos sus datos?<\/b><\/h3><h4 class=\"xxxmsonormal\">CESIONES O TRANSFERENCIAS<\/h4><p class=\"xxxmsonormal\">Sus datos no ser\u00e1n cedidos a ninguna entidad o profesional o tercero ajeno a los propios que garanticen los cumplimientos normativos en materia de protecci\u00f3n de datos y que sean necesarios para un correcto servicio por parte de Virtualware.<\/p><p class=\"xxxmsonormal\">Se le informa de que Virtualware realiza servicios de copia de seguridad internos siempre dentro de la Uni\u00f3n Europea al amparo del Reglamento Europeo 679\/2016 de Protecci\u00f3n de Datos (RGPD), que garantiza un nivel adecuado de protecci\u00f3n de los datos personales.<\/p><h3 class=\"xxxmsonormal\"><b>\u00bfDe d\u00f3nde obtenemos sus datos?<\/b><\/h3><h4 class=\"xxxmsonormal\">PROCEDENCIA<\/h4><p class=\"xxxmsonormal\">En Virtualware somos conscientes de la importancia que tiene la procedencia leg\u00edtima en la captaci\u00f3n de datos por parte de nuestros clientes y usuarios. A tal efecto, informamos de que Virtualware no adquiere bases de datos de terceros.<\/p><p class=\"xxxmsonormal\">Los datos que utilizamos y damos tratamiento, han sido proporcionados por los usuarios y clientes de manera consciente y mediante consentimiento expreso cuando se cumplimentan los formularios de inscripci\u00f3n.<\/p><p class=\"xxxmsonormal\">Sus datos pasar\u00e1n a formar parte de un Fichero de Clientes y Usuarios del cual tenemos nuestro Registro de Actividades de Tratamiento (obligaci\u00f3n posterior al 25\/05\/2018) peri\u00f3dicas seg\u00fan las obligaciones descritas por el Reglamento Europeo.<\/p><h3 class=\"xxxmsonormal\"><b>\u00bfCu\u00e1les son sus derechos y c\u00f3mo puede ejercitarlos?<\/b><\/h3><h4 class=\"xxxmsonormal\">DERECHOS<\/h4><p class=\"xxxmsonormal\">Cualquier cliente\/usuario o usuario tiene derecho a obtener confirmaci\u00f3n sobre si en Virtualware estamos tratando datos personales que les conciernen, o no.<\/p><p class=\"xxxmsonormal\">Asimismo, tal y como prev\u00e9 el Reglamento General de Protecci\u00f3n de Datos (RGPD), le informamos que usted tiene los siguientes derechos:<\/p><ul><li class=\"xxxmsonormal\"><strong>Acceder a sus datos<\/strong>: Como cliente\/usuario y usuario, tiene derecho a acceder a sus datos para conocer qu\u00e9 datos personales estamos tratando que le conciernen.<\/li><li class=\"xxxmsonormal\"><strong>Solicitar la rectificaci\u00f3n o supresi\u00f3n de sus datos: <\/strong>En determinadas circunstancias, como cliente\/usuario y usuario tiene derecho a rectificar aquellos datos personales inexactos que le conciernen que sean objeto de tratamiento por nuestra parte o, incluso, a solicitarnos su supresi\u00f3n cuando, entre otros motivos, los datos ya no fueran necesarios para los fines que fueron recogidos.<\/li><li class=\"xxxmsonormal\"><strong>Solicitar la limitaci\u00f3n del tratamiento de sus datos: <\/strong>En determinadas circunstancias, como cliente\/usuario y usuario tendr\u00e1 derecho a solicitarnos la limitaci\u00f3n del tratamiento de sus datos, en cuyo caso le informamos que \u00fanicamente los conservaremos para el ejercicio o defensa de reclamaciones tal y como prev\u00e9 el Reglamento General de Protecci\u00f3n de Datos.<\/li><li class=\"xxxmsonormal\"><strong>A la portabilidad de sus datos: <\/strong>En determinadas circunstancias, como cliente\/usuario y usuario, tendr\u00e1 derecho a recibir los datos personales que le incumban, y que nos haya facilitado, en un formato estructurado, de uso com\u00fan y lectura mec\u00e1nica, y a transmitirlos a otro responsable del tratamiento.<\/li><li class=\"xxxmsonormal\"><strong>Oponerse al tratamiento de sus datos: <\/strong>En determinadas circunstancias y por motivos relacionados con su situaci\u00f3n particular, como cliente\/usuario y usuario tendr\u00e1 derecho a oponerse al tratamiento de sus datos en cuyo caso, dejar\u00edamos de tratarlos salvo que por motivos leg\u00edtimos imperiosos, o el ejercicio o la defensa de posibles reclamaciones.<\/li><\/ul><p class=\"xxxmsonormal\">El usuario tiene derecho a retirar el consentimiento en cualquier momento, sin que ello afecte a la licitud del tratamiento basado en el consentimiento previo a su retirada. Si bien, en caso de retirar el consentimiento, no podr\u00e1 hacer uso de nuestros servicios.<\/p><h3 class=\"xxxmsonormal\"><b>\u00bfD\u00f3nde debe dirigirse para el ejercicio sus derechos?<\/b><\/h3><p class=\"xxxmsonormal\"><b>\u00a0<\/b>Para el ejercicio de los derechos reconocidos, el interesado podr\u00e1 ponerse en contacto a trav\u00e9s de 2 v\u00edas principales:<\/p><ol><li style=\"list-style-type: none;\"><ol><li class=\"xxxmsonormal\">A trav\u00e9s de la direcci\u00f3n de correo electr\u00f3nico dirigi\u00e9ndose al Delegado de Protecci\u00f3n de Datos de Virtualware , esta es: <a href=\"mailto:dpo@virtualwareco.com\">dpo@virtualwareco.com\u00a0\u00a0<\/a><\/li><li class=\"xxxmsonormal\">Dirigiendo un escrito a las Oficinas Centrales de Virtualware en \u00a0C\/Usausuaga, 7. 1\u00ba. 48970- Basauri. Bizkaia, a la atenci\u00f3n del Delegado de Proteccion de Datos de Virtualware.<\/li><\/ol><\/li><\/ol><p class=\"xxxmsonormal\">Responderemos a sus peticiones a la mayor brevedad posible y, en todo caso, en los plazos que requiere la legislaci\u00f3n vigente.<\/p><h3 class=\"xxxmsonormal\"><b>\u00bfDurante cu\u00e1nto tiempo conservamos sus datos?<\/b><\/h3><p class=\"xxxmsonormal\">Los datos personales proporcionados se conservar\u00e1n mientras dure la relaci\u00f3n contractual vinculante o no solicite su supresi\u00f3n y siempre que resulten adecuados, pertinentes y limitados a lo necesario para los fines para los que sean tratados. Siempre respetando los plazos en que la Ley nos obligue para la consecuci\u00f3n de labores fiscales y administrativas.<\/p><h3 class=\"xxxmsonormal\"><strong>Redes sociales<\/strong><\/h3><p class=\"xxxmsonormal\">Virtualware 2007 , S.A (Virtualware) cuenta con perfil corporativo en las principales redes sociales de Internet considerandose en todos los casos responsable del tratamiento de los datos de sus seguidores, suscriptores y otros perfiles de usuarios.<\/p><p class=\"xxxmsonormal\">El tratamiento que llevar\u00e1 a cabo con dichos datos ser\u00e1, como m\u00e1ximo, el que la red social permita a los perfiles corporativos y tendr\u00e1 siempre finalidad informativa.<\/p><p class=\"xxxmsonormal\">Podr\u00e1 informar a sus seguidores por cualquier v\u00eda que la red social permita sobre sus noticias y novedades en sus servicios.<\/p><p class=\"xxxmsonormal\">Asimismo informar que el almacenamiento de los datos e informaciones que forman parte de Virtualware puede ser subcontratado a un tercero (Encargado del Tratamiento), disponiendo el mismo de id\u00e9nticas medidas de seguridad a las indicadas, y siempre para dar adecuado cumplimiento al cumplimiento de este servicio.<\/p><p class=\"xxxmsonormal\">Virtualware garantiza el cumplimiento de la legislaci\u00f3n en materia de trasferencias internacionales de datos ya que sus servidores centrales se encuentran en Espacio Econ\u00f3mico Europeo. Los pa\u00edses del Espacio Econ\u00f3mico Europeo ofrecen garant\u00edas suficientes y no se considera legalmente que exista una transferencia internacional de datos.<\/p><p class=\"xxxmsonormal\">Finalmente indicar que Virtualware vela por la gesti\u00f3n de riesgos y lleva a cabo actividades que permiten controlar amenazas mediante la identificaci\u00f3n y evaluaci\u00f3n de riesgos, as\u00ed como las medidas para su reducci\u00f3n o mitigaci\u00f3n. Dispone de medidas t\u00e9cnicas y organizativas apropiadas para garantizar un nivel de seguridad adecuado al riesgo.<\/p>\t\t\t\t\t\t\t\t<\/div>\n\t\t\t\t<\/div>\n\t\t\t\t<\/div>\n\t\t\t\t<\/div>\n\t\t","protected":false},"excerpt":{"rendered":"<p>Pol\u00edtica de protecci\u00f3n de datos personales En Virtualware 2007 S.A somos conscientes de la importancia que tiene el garantizar la seguridad y la identidad de nuestros clientes y usuarios, as\u00ed como el correcto tratamiento de los datos que nos ceden para el desempe\u00f1o de nuestras funciones. Es por ello que nos hemos adecuado a la [&hellip;]<\/p>\n","protected":false},"author":2,"featured_media":36599,"parent":0,"menu_order":0,"comment_status":"closed","ping_status":"closed","template":"","meta":{"footnotes":""},"class_list":["post-39615","page","type-page","status-publish","has-post-thumbnail","hentry"],"_links":{"self":[{"href":"https:\/\/virtualwareco.com\/es\/wp-json\/wp\/v2\/pages\/39615","targetHints":{"allow":["GET"]}}],"collection":[{"href":"https:\/\/virtualwareco.com\/es\/wp-json\/wp\/v2\/pages"}],"about":[{"href":"https:\/\/virtualwareco.com\/es\/wp-json\/wp\/v2\/types\/page"}],"author":[{"embeddable":true,"href":"https:\/\/virtualwareco.com\/es\/wp-json\/wp\/v2\/users\/2"}],"replies":[{"embeddable":true,"href":"https:\/\/virtualwareco.com\/es\/wp-json\/wp\/v2\/comments?post=39615"}],"version-history":[{"count":31,"href":"https:\/\/virtualwareco.com\/es\/wp-json\/wp\/v2\/pages\/39615\/revisions"}],"predecessor-version":[{"id":42656,"href":"https:\/\/virtualwareco.com\/es\/wp-json\/wp\/v2\/pages\/39615\/revisions\/42656"}],"wp:featuredmedia":[{"embeddable":true,"href":"https:\/\/virtualwareco.com\/es\/wp-json\/wp\/v2\/media\/36599"}],"wp:attachment":[{"href":"https:\/\/virtualwareco.com\/es\/wp-json\/wp\/v2\/media?parent=39615"}],"curies":[{"name":"wp","href":"https:\/\/api.w.org\/{rel}","templated":true}]}}