{"id":39617,"date":"2024-11-06T11:16:02","date_gmt":"2024-11-06T10:16:02","guid":{"rendered":"https:\/\/virtualwareco.com\/aviso-legal\/"},"modified":"2025-01-10T07:47:49","modified_gmt":"2025-01-10T07:47:49","slug":"aviso-legal","status":"publish","type":"page","link":"https:\/\/virtualwareco.com\/es\/aviso-legal\/","title":{"rendered":"Aviso legal"},"content":{"rendered":"\t\t<div data-elementor-type=\"wp-page\" data-elementor-id=\"39617\" class=\"elementor elementor-39617 elementor-37415\" data-elementor-post-type=\"page\">\n\t\t\t\t<div class=\"elementor-element elementor-element-e307052 e-con-full e-flex e-con e-parent\" data-id=\"e307052\" data-element_type=\"container\">\n\t\t<div class=\"elementor-element elementor-element-8b3a58c e-con-full e-flex e-con e-child\" data-id=\"8b3a58c\" data-element_type=\"container\">\n\t\t\t\t<div class=\"elementor-element elementor-element-63d8641 elementor-widget elementor-widget-text-editor\" data-id=\"63d8641\" data-element_type=\"widget\" data-widget_type=\"text-editor.default\">\n\t\t\t\t\t\t\t\t\t<p>El presente aviso legal (en adelante denominado el \u201cAviso Legal\u201d) regula el uso de los servicios prestados a trav\u00e9s del portal de Internet. <a href=\"https:\/\/www.virtualwaregroup.com\" rel=\"nofollow noopener\" target=\"_blank\">http:\/\/www.virtualwaregroup.com<\/a> (en adelante denominado el \u201cSitio Web\u201d) titularidad de Virtualware 2007 S.A., sociedad con domicilio social en Pol\u00edgono Artunduaga- C\/ Usausuaga, 7, 48970, Basauri, Bizkaia, con CIF A95291613, debidamente inscrita en el Registro Mercantil.<\/p>\n<h2>Legislaci\u00f3n<\/h2>\n<p>La relaci\u00f3n entre Virtualware 2007 S.A. y los usuarios de sus servicios remotos en el Sitio Web est\u00e1 sujeta con car\u00e1cter general a la legislaci\u00f3n y jurisdicci\u00f3n de Espa\u00f1a.<br> Las partes renuncian expresamente a cualquier otro derecho jurisdiccional y se someten expresamente a las sentencias de los juzgados y tribunales de Bilbao para la resoluci\u00f3n de cualquier controversia que pueda surgir en la interpretaci\u00f3n o ejecuci\u00f3n de los presentes t\u00e9rminos y condiciones del contrato.<\/p>\n<h2>Contenido y uso<\/h2>\n<p>El Usuario queda informado y acepta debidamente que el acceso al Sitio Web no constituye en ning\u00fan caso el inicio de relaci\u00f3n comercial alguna con Virtualware 2007 S.A. El propietario del Sitio Web no necesariamente se identifica con las opiniones expresadas en el mismo por sus colaboradores. La Compa\u00f1\u00eda se reserva el derecho de realizar sin previo aviso cualquier cambio que considere apropiado en su sitio web, cambiar, eliminar o agregar contenido y servicios proporcionados a trav\u00e9s del sitio web y cambiar la forma en que se presentan y ubicado en sus servidores.<\/p>\n<h2>Propiedad Intelectual e Industrial<\/h2>\n<p>Los derechos de propiedad intelectual sobre el contenido, dise\u00f1o gr\u00e1fico y c\u00f3digo fuente del Sitio Web son propiedad de Virtualware 2007 S.A., por lo que no pueden ser reproducidos, distribuidos, divulgados p\u00fablicamente, modificados o tratados de cualquier otra forma, incluso citando las fuentes. sin el consentimiento por escrito de Virtualware 2007 S.A. Todos los nombres comerciales, marcas y signos distintivos de toda clase contenidos en el Sitio Web de la Empresa son propiedad de sus due\u00f1os registrados y est\u00e1n protegidos por ley.<\/p>\n<h2>Links<\/h2>\n<p>Los enlaces que pudieran aparecer en el Sitio Web de Virtualware 2007 S.A. tienen finalidad meramente informativa y en ning\u00fan caso deben entenderse como sugerencias, invitaciones o recomendaciones.<\/p>\n<h2>Confidencialidad y Protecci\u00f3n de Datos<\/h2>\n<p>Tal y como establece la Ley Org\u00e1nica 15\/1999, de 13 de diciembre, de protecci\u00f3n de datos de car\u00e1cter personal, Virtualware 2007 S.A. informa a los Usuarios de la existencia de un fichero automatizado que contiene datos de car\u00e1cter personal, creado por, para y bajo la responsabilidad de Virtualware 2007 S.A. con la finalidad de mantener y gestionar las relaciones con los Usuarios, y facilitarles informaci\u00f3n. Tras la aceptaci\u00f3n de los presentes t\u00e9rminos y condiciones generales, Virtualware 2007 S.A. solicitar\u00e1 al Usuario ciertos datos imprescindibles para la prestaci\u00f3n de sus servicios.<\/p>\n<h2>Registro de Archivos y Formularios<\/h2>\n<p>Para acceder y utilizar determinados servicios prestados a trav\u00e9s del Sitio Web es obligatorio cumplimentar un formulario de registro. La no facilitaci\u00f3n de los datos personales requeridos o la aceptaci\u00f3n de esta pol\u00edtica de protecci\u00f3n de datos supondr\u00e1 que el Usuario no pueda suscribirse, registrarse o participar en ninguna promoci\u00f3n para la que se le soliciten datos personales.<br> Tal y como establece la Ley Org\u00e1nica 15\/1999, de 13 de diciembre, de protecci\u00f3n de datos de car\u00e1cter personal, Virtualware 2007 S.A. informa a los Usuarios que los datos personales facilitados como consecuencia del registro del Usuario ser\u00e1n incorporados a un fichero propiedad de Virtualware 2007 S.A. con n\u00famero de identificaci\u00f3n fiscal. A95291613 y domicilio social en Pol\u00edgono Artunduaga- C\/ Usausuaga, 7, 48970, Basauri, Bizkaia, y que se han implementado las medidas de seguridad previstas en el Real Decreto 994\/1999, de 11 de junio.<\/p>\n<h2>Exactitud y Veracidad de los Datos Proporcionados<\/h2>\n<p>El Usuario asume toda la responsabilidad por la exactitud y veracidad de los datos facilitados, exonerando a Virtualware 2007 S.A. de cualquier responsabilidad al respecto. El Usuario asegura y responde en cualquier caso de la exactitud, actualidad y autenticidad de los datos personales facilitados, y se compromete a mantenerlos debidamente actualizados. El Usuario se compromete a proporcionar informaci\u00f3n completa y correcta en los formularios de registro\/suscripci\u00f3n. Virtualware 2007 S.A. no garantiza la veracidad de ninguna informaci\u00f3n no elaborada por la propia Empresa e identificada como procedente de otras fuentes, por lo que no asume ninguna responsabilidad por cualquier da\u00f1o que pudiera causarse por el uso de dicha informaci\u00f3n. Virtualware 2007 S.A. se reserva el derecho de actualizar, modificar y eliminar la informaci\u00f3n contenida en su Sitio Web, as\u00ed como limitar o no permitir el acceso al mismo. Virtualware 2007 S.A. accepts no liability for any damage or harm that Users may suffer as a result of errors, shortcomings or omissions in information provided by Virtualware 2007 S.A. originates from sources other than Virtualware 2007 S.A..<\/p>\n<h2>Cookies<\/h2>\n<p>The Website <a href=\"http:\/\/www.virtualwaregroup.com\" rel=\"nofollow noopener\" target=\"_blank\">www.virtualwaregroup.com<\/a> does not use cookies, in the sense of data files physically located on the terminal of the User that serve to facilitate browsing on the portal by the User. In any event, Users may configure their Web browsers to prevent such files from being installed.<\/p>\n<h2>Prop\u00f3sitos<\/h2>\n<p>Las finalidades de Virtualware 2007 S.A. son mantener y gestionar las relaciones con sus Usuarios y facilitarles informaci\u00f3n.<\/p>\n<h2>Menores<\/h2>\n<p>En caso de que Virtualware 2007 S.A. preste alg\u00fan servicio dirigido espec\u00edficamente a menores de edad, la Compa\u00f1\u00eda solicitar\u00e1 el consentimiento de los padres o tutores antes de recabar o, en su caso, tratar automatizadamente datos personales.<\/p>\n<h2>Cesi\u00f3n de Datos a Terceros<\/h2>\n<p>Virtualware 2007 S.A. se compromete a no ceder datos de los Usuarios a terceros.<br>Derecho de Acceso, Rectificaci\u00f3n, Cancelaci\u00f3n y Oposici\u00f3n<br>Los usuarios podr\u00e1n dirigir cualquier comunicaci\u00f3n y ejercer sus derechos de acceso, rectificaci\u00f3n, cancelaci\u00f3n y oposici\u00f3n contactando con la Empresa a trav\u00e9s de Internet en <a href=\"mailto:info@virtualwaregroup.com\">info@virtualwaregroup.com<\/a> o por correo ordinario a Virtualware 2007 S.A. (Ref. LOPD), Poligono Artunduaga- C\/ Usausuaga 7, 48970, Basauri, Bizkaia. En cumplimiento de la Instrucci\u00f3n 1\/1998, de 19 de enero, de la Agencia de Protecci\u00f3n de Datos, para el ejercicio de estos derechos los Usuarios deber\u00e1n acreditar su identidad a Virtualware 2007 S.A. mediante fotocopia de su documento nacional de identidad o cualquier otro medio reconocido en derecho.<br><br><br><br><br> No obstante, los datos de registro podr\u00e1n ser modificados o corregidos en el propio Sitio Web si previamente los Usuarios se identifican con sus nombres de usuario y contrase\u00f1as.<\/p>\n<h2>Medidas de seguridad<\/h2>\n<p>Virtualware 2007 S.A. no se hace responsable de cualquier da\u00f1o o perjuicio que se pudiera derivar de interferencias, omisiones, interrupciones, virus inform\u00e1ticos, aver\u00edas telef\u00f3nicas o desconexiones en el funcionamiento de este sistema electr\u00f3nico por causas no imputables a Virtualware 2007 S.A.; por retrasos o bloqueos en el uso de este sistema electr\u00f3nico causados por fallas o sobrecargas en las l\u00edneas telef\u00f3nicas o sobrecargas en los centros de procesamiento de datos, en Internet o en otros sistemas electr\u00f3nicos; o por cualquier da\u00f1o que pueda ser causado por terceros como consecuencia de intromisiones il\u00edcitas fuera del control de Virtualware 2007 S.A. Virtualware 2007 S.A. no se hace responsable de cualquier da\u00f1o o perjuicio que se pudiera derivar de interferencias, omisiones, interrupciones, virus inform\u00e1ticos, aver\u00edas telef\u00f3nicas o desconexiones en el funcionamiento de este sistema electr\u00f3nico por causas no imputables a Virtualware 2007 S.A.; por retrasos o bloqueos en el uso de este sistema electr\u00f3nico causados por fallas o sobrecargas en las l\u00edneas telef\u00f3nicas o sobrecargas en los centros de procesamiento de datos, en Internet o en otros sistemas electr\u00f3nicos; o por cualquier da\u00f1o que pueda ser causado por terceros como consecuencia de intromisiones il\u00edcitas fuera del control de Virtualware 2007 S.A. Sin perjuicio de lo anterior, los Usuarios deben ser conscientes de que las medidas de seguridad en Internet no son infalibles.<\/p>\n<h2>Aceptaci\u00f3n y Consentimiento<\/h2>\n<p>El Usuario declara haber sido informado de los t\u00e9rminos y condiciones que regulan la protecci\u00f3n de datos personales, y acepta y consiente el tratamiento automatizado de dichos datos por parte de Virtualware 2007 S.A. en la forma y para las finalidades indicadas en este documento de protecci\u00f3n de datos personales. acuerdo. Sin perjuicio de lo anterior, los Usuarios deben ser conscientes de que las medidas de seguridad en Internet no son infalibles.Sin perjuicio de lo anterior, los Usuarios deben ser conscientes de que las medidas de seguridad en Internet no son infalibles.Algunos servicios prestados a trav\u00e9s del portal pueden tener t\u00e9rminos y condiciones particulares con disposiciones espec\u00edficas en materia de protecci\u00f3n de datos personales.<\/p>\t\t\t\t\t\t\t\t<\/div>\n\t\t\t\t<\/div>\n\t\t\t\t<\/div>\n\t\t\t\t<\/div>\n\t\t","protected":false},"excerpt":{"rendered":"<p>El presente aviso legal (en adelante denominado el \u201cAviso Legal\u201d) regula el uso de los servicios prestados a trav\u00e9s del portal de Internet. https:\/\/www.virtualwaregroup.com (en adelante denominado el \u201cSitio Web\u201d) titularidad de Virtualware 2007 S.A., sociedad con domicilio social en Pol\u00edgono Artunduaga- C\/ Usausuaga, 7, 48970, Basauri, Bizkaia, con CIF A95291613, debidamente inscrita en el [&hellip;]<\/p>\n","protected":false},"author":2,"featured_media":36599,"parent":0,"menu_order":0,"comment_status":"closed","ping_status":"closed","template":"","meta":{"footnotes":""},"class_list":["post-39617","page","type-page","status-publish","has-post-thumbnail","hentry"],"_links":{"self":[{"href":"https:\/\/virtualwareco.com\/es\/wp-json\/wp\/v2\/pages\/39617","targetHints":{"allow":["GET"]}}],"collection":[{"href":"https:\/\/virtualwareco.com\/es\/wp-json\/wp\/v2\/pages"}],"about":[{"href":"https:\/\/virtualwareco.com\/es\/wp-json\/wp\/v2\/types\/page"}],"author":[{"embeddable":true,"href":"https:\/\/virtualwareco.com\/es\/wp-json\/wp\/v2\/users\/2"}],"replies":[{"embeddable":true,"href":"https:\/\/virtualwareco.com\/es\/wp-json\/wp\/v2\/comments?post=39617"}],"version-history":[{"count":0,"href":"https:\/\/virtualwareco.com\/es\/wp-json\/wp\/v2\/pages\/39617\/revisions"}],"wp:featuredmedia":[{"embeddable":true,"href":"https:\/\/virtualwareco.com\/es\/wp-json\/wp\/v2\/media\/36599"}],"wp:attachment":[{"href":"https:\/\/virtualwareco.com\/es\/wp-json\/wp\/v2\/media?parent=39617"}],"curies":[{"name":"wp","href":"https:\/\/api.w.org\/{rel}","templated":true}]}}