{"id":41708,"date":"2025-07-08T10:17:43","date_gmt":"2025-07-08T08:17:43","guid":{"rendered":"https:\/\/virtualwareco.com\/informes-eticos\/"},"modified":"2026-01-30T14:55:57","modified_gmt":"2026-01-30T13:55:57","slug":"canaldedenuncias","status":"publish","type":"page","link":"https:\/\/virtualwareco.com\/es\/canaldedenuncias\/","title":{"rendered":"Canal de denuncias"},"content":{"rendered":"\t\t<div data-elementor-type=\"wp-page\" data-elementor-id=\"41708\" class=\"elementor elementor-41708 elementor-41700\" data-elementor-post-type=\"page\">\n\t\t\t\t<div class=\"elementor-element elementor-element-e307052 e-con-full e-flex e-con e-parent\" data-id=\"e307052\" data-element_type=\"container\">\n\t\t<div class=\"elementor-element elementor-element-8b3a58c e-con-full e-flex e-con e-child\" data-id=\"8b3a58c\" data-element_type=\"container\">\n\t\t\t\t<div class=\"elementor-element elementor-element-5d98ec6 elementor-widget elementor-widget-text-editor\" data-id=\"5d98ec6\" data-element_type=\"widget\" data-widget_type=\"text-editor.default\">\n\t\t\t\t\t\t\t\t\t<p>Para garantizar que todas las partes interesadas disponen de canales accesibles, seguros y eficaces para expresar sus preocupaciones, quejas o reclamaciones relacionadas con nuestras operaciones, productos, servicios o relaciones laborales, y que \u00e9stas se abordan de forma transparente, justa y oportuna, puedes ponerte en contacto con nosotros de forma confidencial y an\u00f3nima a trav\u00e9s de los siguientes canales:<\/p>\t\t\t\t\t\t\t\t<\/div>\n\t\t\t\t<div class=\"elementor-element elementor-element-7925fd9 elementor-widget elementor-widget-leroux_core_button\" data-id=\"7925fd9\" data-element_type=\"widget\" data-widget_type=\"leroux_core_button.default\">\n\t\t\t\t<div class=\"elementor-widget-container\">\n\t\t\t\t\t<a class=\"qodef-shortcode qodef-m qodef-button qodef-layout--textual qodef-html--link\" href=\"https:\/\/forms.office.com\/e\/SimNyuzmN0\" target=\"_self\" style=\"font-size: 18px;font-weight: 500\" rel=\"nofollow noopener\">\r\n\t<span class=\"qodef-m-text\">Rellena este formulario<\/span>\r\n    <span class=\"qodef-m-arrow\"><svg class=\"qodef-svg--button-arrow\" xmlns=\"http:\/\/www.w3.org\/2000\/svg\" width=\"10\" height=\"10\" viewBox=\"0 0 9.8 9.8\"><g><path d=\"m.4 9.4 9-9\"\/><path d=\"M.4.5h8.9\"\/><path d=\"M9.3 9.4V.5\"\/><\/g><g><path d=\"m.4 9.4 9-9\"\/><path d=\"M.4.5h8.9\"\/><path d=\"M9.3 9.4V.5\"\/><\/g><\/svg><\/span>\r\n<\/a>\r\n\t\t\t\t<\/div>\n\t\t\t\t<\/div>\n\t\t\t\t<div class=\"elementor-element elementor-element-785b685 elementor-hidden-desktop elementor-hidden-laptop elementor-hidden-tablet elementor-hidden-mobile elementor-widget elementor-widget-leroux_core_button\" data-id=\"785b685\" data-element_type=\"widget\" data-widget_type=\"leroux_core_button.default\">\n\t\t\t\t<div class=\"elementor-widget-container\">\n\t\t\t\t\t<a class=\"qodef-shortcode qodef-m qodef-button qodef-layout--textual qodef-html--link\" href=\"mailto:buentrato@virtualwareco.com\" target=\"_self\"  style=\"font-size: 18px;font-weight: 500\">\r\n\t<span class=\"qodef-m-text\">Escr\u00edbenos a buen trato<\/span>\r\n    <span class=\"qodef-m-arrow\"><svg class=\"qodef-svg--button-arrow\" xmlns=\"http:\/\/www.w3.org\/2000\/svg\" width=\"10\" height=\"10\" viewBox=\"0 0 9.8 9.8\"><g><path d=\"m.4 9.4 9-9\"\/><path d=\"M.4.5h8.9\"\/><path d=\"M9.3 9.4V.5\"\/><\/g><g><path d=\"m.4 9.4 9-9\"\/><path d=\"M.4.5h8.9\"\/><path d=\"M9.3 9.4V.5\"\/><\/g><\/svg><\/span>\r\n<\/a>\r\n\t\t\t\t<\/div>\n\t\t\t\t<\/div>\n\t\t\t\t<div class=\"elementor-element elementor-element-63d8641 elementor-widget elementor-widget-text-editor\" data-id=\"63d8641\" data-element_type=\"widget\" data-widget_type=\"text-editor.default\">\n\t\t\t\t\t\t\t\t\t<p>Para m\u00e1s informaci\u00f3n sobre el procedimiento, los derechos, las garant\u00edas y la gesti\u00f3n de los casos presentados, puedes consultar el documento:<\/p>\t\t\t\t\t\t\t\t<\/div>\n\t\t\t\t<div class=\"elementor-element elementor-element-ba0fc11 elementor-widget elementor-widget-leroux_core_button\" data-id=\"ba0fc11\" data-element_type=\"widget\" data-widget_type=\"leroux_core_button.default\">\n\t\t\t\t<div class=\"elementor-widget-container\">\n\t\t\t\t\t<a class=\"qodef-shortcode qodef-m qodef-button qodef-layout--textual qodef-html--link\" href=\"\/downloads\/25\/Canal_de_denuncias.pdf\" target=\"_self\"  style=\"font-size: 18px;font-weight: 500\">\r\n\t<span class=\"qodef-m-text\">Canal de denuncias<\/span>\r\n    <span class=\"qodef-m-arrow\"><svg class=\"qodef-svg--button-arrow\" xmlns=\"http:\/\/www.w3.org\/2000\/svg\" width=\"10\" height=\"10\" viewBox=\"0 0 9.8 9.8\"><g><path d=\"m.4 9.4 9-9\"\/><path d=\"M.4.5h8.9\"\/><path d=\"M9.3 9.4V.5\"\/><\/g><g><path d=\"m.4 9.4 9-9\"\/><path d=\"M.4.5h8.9\"\/><path d=\"M9.3 9.4V.5\"\/><\/g><\/svg><\/span>\r\n<\/a>\r\n\t\t\t\t<\/div>\n\t\t\t\t<\/div>\n\t\t\t\t<\/div>\n\t\t\t\t<\/div>\n\t\t\t\t<\/div>\n\t\t","protected":false},"excerpt":{"rendered":"<p>Para garantizar que todas las partes interesadas disponen de canales accesibles, seguros y eficaces para expresar sus preocupaciones, quejas o reclamaciones relacionadas con nuestras operaciones, productos, servicios o relaciones laborales, y que \u00e9stas se abordan de forma transparente, justa y oportuna, puedes ponerte en contacto con nosotros de forma confidencial y an\u00f3nima a trav\u00e9s de [&hellip;]<\/p>\n","protected":false},"author":2,"featured_media":36599,"parent":0,"menu_order":0,"comment_status":"closed","ping_status":"closed","template":"","meta":{"footnotes":""},"class_list":["post-41708","page","type-page","status-publish","has-post-thumbnail","hentry"],"_links":{"self":[{"href":"https:\/\/virtualwareco.com\/es\/wp-json\/wp\/v2\/pages\/41708","targetHints":{"allow":["GET"]}}],"collection":[{"href":"https:\/\/virtualwareco.com\/es\/wp-json\/wp\/v2\/pages"}],"about":[{"href":"https:\/\/virtualwareco.com\/es\/wp-json\/wp\/v2\/types\/page"}],"author":[{"embeddable":true,"href":"https:\/\/virtualwareco.com\/es\/wp-json\/wp\/v2\/users\/2"}],"replies":[{"embeddable":true,"href":"https:\/\/virtualwareco.com\/es\/wp-json\/wp\/v2\/comments?post=41708"}],"version-history":[{"count":19,"href":"https:\/\/virtualwareco.com\/es\/wp-json\/wp\/v2\/pages\/41708\/revisions"}],"predecessor-version":[{"id":42666,"href":"https:\/\/virtualwareco.com\/es\/wp-json\/wp\/v2\/pages\/41708\/revisions\/42666"}],"wp:featuredmedia":[{"embeddable":true,"href":"https:\/\/virtualwareco.com\/es\/wp-json\/wp\/v2\/media\/36599"}],"wp:attachment":[{"href":"https:\/\/virtualwareco.com\/es\/wp-json\/wp\/v2\/media?parent=41708"}],"curies":[{"name":"wp","href":"https:\/\/api.w.org\/{rel}","templated":true}]}}