{"id":42257,"date":"2025-11-23T15:38:06","date_gmt":"2025-11-23T14:38:06","guid":{"rendered":"https:\/\/virtualwareco.com\/?page_id=42257"},"modified":"2026-04-17T09:30:55","modified_gmt":"2026-04-17T07:30:55","slug":"call","status":"publish","type":"page","link":"https:\/\/virtualwareco.com\/es\/inversores\/call\/","title":{"rendered":"Llamada a inversores"},"content":{"rendered":"\t\t<div data-elementor-type=\"wp-page\" data-elementor-id=\"42257\" class=\"elementor elementor-42257 elementor-42256\" data-elementor-post-type=\"page\">\n\t\t\t\t<div class=\"elementor-element elementor-element-945ff24 e-con-full e-flex e-con e-parent\" data-id=\"945ff24\" data-element_type=\"container\" data-settings=\"{&quot;background_background&quot;:&quot;classic&quot;}\">\n\t\t\t\t<div class=\"elementor-element elementor-element-4781083 elementor-widget__width-initial elementor-widget-tablet__width-inherit elementor-widget elementor-widget-heading\" data-id=\"4781083\" data-element_type=\"widget\" data-widget_type=\"heading.default\">\n\t\t\t\t\t<h1 class=\"elementor-heading-title elementor-size-default\">Investor Relations<\/h1>\t\t\t\t<\/div>\n\t\t\t\t<div class=\"elementor-element elementor-element-43caa29 elementor-widget elementor-widget-image\" data-id=\"43caa29\" data-element_type=\"widget\" data-widget_type=\"image.default\">\n\t\t\t\t\t\t\t\t\t\t\t\t\t\t\t\t<a href=\"https:\/\/live.euronext.com\/en\/product\/equities\/ES0105704003-XMLI\" target=\"_blank\" rel=\"nofollow noopener\">\n\t\t\t\t\t\t\t<img decoding=\"async\" width=\"80\" height=\"80\" src=\"https:\/\/virtualwareco.com\/wp-content\/uploads\/2025\/06\/VIRTUALWARE_ALVIR_emblem_small_colored-1.png\" class=\"attachment-full size-full wp-image-41638\" alt=\"\" title=\"\">\t\t\t\t\t\t\t\t<\/a>\n\t\t\t\t\t\t\t\t\t\t\t\t\t\t\t<\/div>\n\t\t\t\t<\/div>\n\t\t<div class=\"elementor-element elementor-element-28fba39 e-flex e-con-boxed e-con e-parent\" data-id=\"28fba39\" data-element_type=\"container\" id=\"corporate-governance\">\n\t\t\t\t\t<div class=\"e-con-inner\">\n\t\t\t\t<div class=\"elementor-element elementor-element-948b966 elementor-widget__width-initial elementor-widget-mobile__width-inherit elementor-widget-tablet__width-inherit elementor-widget elementor-widget-heading\" data-id=\"948b966\" data-element_type=\"widget\" data-widget_type=\"heading.default\">\n\t\t\t\t\t<h2 class=\"elementor-heading-title elementor-size-default\">Llamada a Inversores (14 Abril, 2026) <\/h2>\t\t\t\t<\/div>\n\t\t\t\t<div class=\"elementor-element elementor-element-561dd94 elementor-widget elementor-widget-text-editor\" data-id=\"561dd94\" data-element_type=\"widget\" data-widget_type=\"text-editor.default\">\n\t\t\t\t\t\t\t\t\t<p>Esta llamada resume los resultados de 2025 de Virtualware, con <strong>contrataci\u00f3n r\u00e9cord superior a 8M\u20ac<\/strong>, ingresos de 4,32M\u20ac y una gu\u00eda de crecimiento org\u00e1nico del 30% para 2026, impulsado por la expansi\u00f3n en Norteam\u00e9rica<\/p>\t\t\t\t\t\t\t\t<\/div>\n\t\t\t\t<div class=\"elementor-element elementor-element-3f33051 elementor-widget elementor-widget-video\" data-id=\"3f33051\" data-element_type=\"widget\" data-settings=\"{&quot;youtube_url&quot;:&quot;https:\\\/\\\/youtu.be\\\/4YpxL8CBaGM?si=NKEpMIigjxbA1lN2&quot;,&quot;video_type&quot;:&quot;youtube&quot;,&quot;controls&quot;:&quot;yes&quot;}\" data-widget_type=\"video.default\">\n\t\t\t\t\t\t\t<div class=\"elementor-wrapper elementor-open-inline\">\n\t\t\t<div class=\"elementor-video\"><\/div>\t\t<\/div>\n\t\t\t\t\t\t<\/div>\n\t\t<div class=\"elementor-element elementor-element-1335851 e-con-full e-flex e-con e-child\" data-id=\"1335851\" data-element_type=\"container\">\n\t\t<div class=\"elementor-element elementor-element-e3d9271 e-con-full e-flex e-con e-child\" data-id=\"e3d9271\" data-element_type=\"container\">\n\t\t\t\t<div class=\"elementor-element elementor-element-3e19a2c elementor-widget elementor-widget-leroux_core_button\" data-id=\"3e19a2c\" data-element_type=\"widget\" data-widget_type=\"leroux_core_button.default\">\n\t\t\t\t<div class=\"elementor-widget-container\">\n\t\t\t\t\t<a class=\"qodef-shortcode qodef-m qodef-button qodef-layout--textual qodef-html--link\" href=\"https:\/\/www.virtualwareco.com\/ir\/investors\/2026\/04-14-investor-call.pdf\" target=\"_blank\" style=\"font-size: 18px;font-weight: 500\">\r\n\t<span class=\"qodef-m-text\">Presentaci\u00f3n<\/span>\r\n    <span class=\"qodef-m-arrow\"><svg class=\"qodef-svg--button-arrow\" xmlns=\"http:\/\/www.w3.org\/2000\/svg\" width=\"10\" height=\"10\" viewBox=\"0 0 9.8 9.8\"><g><path d=\"m.4 9.4 9-9\"\/><path d=\"M.4.5h8.9\"\/><path d=\"M9.3 9.4V.5\"\/><\/g><g><path d=\"m.4 9.4 9-9\"\/><path d=\"M.4.5h8.9\"\/><path d=\"M9.3 9.4V.5\"\/><\/g><\/svg><\/span>\r\n<\/a>\r\n\t\t\t\t<\/div>\n\t\t\t\t<\/div>\n\t\t\t\t<\/div>\n\t\t<div class=\"elementor-element elementor-element-abc49fc e-con-full e-flex e-con e-child\" data-id=\"abc49fc\" data-element_type=\"container\">\n\t\t\t\t<div class=\"elementor-element elementor-element-a776696 elementor-widget elementor-widget-leroux_core_button\" data-id=\"a776696\" data-element_type=\"widget\" data-widget_type=\"leroux_core_button.default\">\n\t\t\t\t<div class=\"elementor-widget-container\">\n\t\t\t\t\t<a class=\"qodef-shortcode qodef-m qodef-button qodef-layout--textual qodef-html--link\" href=\"https:\/\/virtualwareco.com\/ir\/equity-story-virtualware.pdf\" target=\"_blank\" style=\"font-size: 18px;font-weight: 500\">\r\n\t<span class=\"qodef-m-text\">Equity Story<\/span>\r\n    <span class=\"qodef-m-arrow\"><svg class=\"qodef-svg--button-arrow\" xmlns=\"http:\/\/www.w3.org\/2000\/svg\" width=\"10\" height=\"10\" viewBox=\"0 0 9.8 9.8\"><g><path d=\"m.4 9.4 9-9\"\/><path d=\"M.4.5h8.9\"\/><path d=\"M9.3 9.4V.5\"\/><\/g><g><path d=\"m.4 9.4 9-9\"\/><path d=\"M.4.5h8.9\"\/><path d=\"M9.3 9.4V.5\"\/><\/g><\/svg><\/span>\r\n<\/a>\r\n\t\t\t\t<\/div>\n\t\t\t\t<\/div>\n\t\t\t\t<\/div>\n\t\t\t\t<\/div>\n\t\t\t\t\t<\/div>\n\t\t\t\t<\/div>\n\t\t<div class=\"elementor-element elementor-element-6c45a77 e-flex e-con-boxed e-con e-parent\" data-id=\"6c45a77\" data-element_type=\"container\">\n\t\t\t\t\t<div class=\"e-con-inner\">\n\t\t\t\t<div class=\"elementor-element elementor-element-0a14511 elementor-widget elementor-widget-leroux_core_button\" data-id=\"0a14511\" data-element_type=\"widget\" data-widget_type=\"leroux_core_button.default\">\n\t\t\t\t<div class=\"elementor-widget-container\">\n\t\t\t\t\t<a class=\"qodef-shortcode qodef-m qodef-button qodef-layout--filled qodef-size--large qodef-html--link\" href=\"mailto:ir@virtualwareco.com\" target=\"_blank\"  style=\"font-size: 18px;font-weight: 500\">\r\n    <span class=\"qodef-m-text\">Contact our IR team<\/span>\r\n    <span class=\"qodef-m-arrow\"><svg class=\"qodef-svg--button-arrow\" xmlns=\"http:\/\/www.w3.org\/2000\/svg\" width=\"10\" height=\"10\" viewBox=\"0 0 9.8 9.8\"><g><path d=\"m.4 9.4 9-9\"\/><path d=\"M.4.5h8.9\"\/><path d=\"M9.3 9.4V.5\"\/><\/g><g><path d=\"m.4 9.4 9-9\"\/><path d=\"M.4.5h8.9\"\/><path d=\"M9.3 9.4V.5\"\/><\/g><\/svg><\/span>\r\n<\/a>\r\n\t\t\t\t<\/div>\n\t\t\t\t<\/div>\n\t\t\t\t\t<\/div>\n\t\t\t\t<\/div>\n\t\t<div class=\"elementor-element elementor-element-8378a2d e-con-full e-flex e-con e-parent\" data-id=\"8378a2d\" data-element_type=\"container\" id=\"news\" data-settings=\"{&quot;background_background&quot;:&quot;classic&quot;}\">\n\t\t\t\t<div class=\"elementor-element elementor-element-c48522b elementor-widget__width-initial elementor-widget-mobile__width-inherit elementor-widget-tablet__width-inherit elementor-widget elementor-widget-heading\" data-id=\"c48522b\" data-element_type=\"widget\" data-widget_type=\"heading.default\">\n\t\t\t\t\t<h2 class=\"elementor-heading-title elementor-size-default\">Latest IR News<\/h2>\t\t\t\t<\/div>\n\t\t<div class=\"elementor-element elementor-element-7a2ff14 e-con-full e-flex e-con e-child\" data-id=\"7a2ff14\" data-element_type=\"container\">\n\t\t\t\t<div class=\"elementor-element elementor-element-57a7fe4 elementor-widget elementor-widget-leroux_core_blog_list\" data-id=\"57a7fe4\" data-element_type=\"widget\" data-widget_type=\"leroux_core_blog_list.default\">\n\t\t\t\t<div class=\"elementor-widget-container\">\n\t\t\t\t\t<div class=\"qodef-shortcode qodef-m qodef-blog qodef--list qodef-item-layout--standard qodef-grid qodef-layout--columns qodef-gutter--small qodef-vertical-gutter--huge qodef-col-num--4 qodef-item-layout--standard qodef-pagination--off qodef-responsive--custom qodef-col-num--1440--2 qodef-col-num--1366--2 qodef-col-num--1024--2 qodef-col-num--768--1 qodef-col-num--680--1 qodef-col-num--480--1 qodef-swiper--show-pagination\" data-options=\"{&quot;plugin&quot;:&quot;leroux_core&quot;,&quot;module&quot;:&quot;blog\\\/shortcodes&quot;,&quot;shortcode&quot;:&quot;blog-list&quot;,&quot;post_type&quot;:&quot;post&quot;,&quot;next_page&quot;:&quot;2&quot;,&quot;max_pages_num&quot;:8,&quot;behavior&quot;:&quot;columns&quot;,&quot;images_proportion&quot;:&quot;leroux_core_image_size_square&quot;,&quot;columns&quot;:&quot;4&quot;,&quot;columns_responsive&quot;:&quot;custom&quot;,&quot;columns_1440&quot;:&quot;2&quot;,&quot;columns_1366&quot;:&quot;2&quot;,&quot;columns_1024&quot;:&quot;2&quot;,&quot;columns_768&quot;:&quot;1&quot;,&quot;columns_680&quot;:&quot;1&quot;,&quot;columns_480&quot;:&quot;1&quot;,&quot;space&quot;:&quot;small&quot;,&quot;vertical_space&quot;:&quot;huge&quot;,&quot;posts_per_page&quot;:&quot;4&quot;,&quot;orderby&quot;:&quot;date&quot;,&quot;order&quot;:&quot;DESC&quot;,&quot;additional_params&quot;:&quot;tax&quot;,&quot;tax&quot;:&quot;category&quot;,&quot;tax_slug&quot;:&quot;Investors&quot;,&quot;layout&quot;:&quot;standard&quot;,&quot;title_tag&quot;:&quot;h4&quot;,&quot;disable_button&quot;:&quot;no&quot;,&quot;enable_borders&quot;:&quot;no&quot;,&quot;enable_filter&quot;:&quot;no&quot;,&quot;pagination_type&quot;:&quot;no-pagination&quot;,&quot;object_class_name&quot;:&quot;LerouxCore_Blog_List_Shortcode&quot;,&quot;taxonomy_filter&quot;:&quot;category&quot;,&quot;additional_query_args&quot;:{&quot;tax_query&quot;:[{&quot;taxonomy&quot;:&quot;category&quot;,&quot;field&quot;:&quot;slug&quot;,&quot;terms&quot;:&quot;Investors&quot;}]},&quot;space_value&quot;:20}\">\r\n\t\t<div class=\"qodef-grid-inner\">\r\n\t\t<article class=\"qodef-e qodef-blog-item qodef-grid-item qodef-item--square post-43494 post type-post status-publish format-standard has-post-thumbnail hentry category-inversores category-corporate-es\">\r\n\t<div class=\"qodef-e-inner\">\r\n\t\t<div class=\"qodef-e-media\">\r\n\t\t<div class=\"qodef-e-media-image\">\r\n\t\t<a itemprop=\"url\" href=\"https:\/\/virtualwareco.com\/es\/news\/apuesta-norteamerica\/\">\r\n\t\t\t<img fetchpriority=\"high\" decoding=\"async\" width=\"650\" height=\"650\" src=\"https:\/\/virtualwareco.com\/wp-content\/uploads\/2026\/04\/anualreport-mock-up-650x650.jpg\" class=\"attachment-leroux_core_image_size_square size-leroux_core_image_size_square wp-post-image\" alt=\"Virtualware Annual Report\" srcset=\"https:\/\/virtualwareco.com\/wp-content\/uploads\/2026\/04\/anualreport-mock-up-650x650.jpg 650w, https:\/\/virtualwareco.com\/wp-content\/uploads\/2026\/04\/anualreport-mock-up-150x150.jpg 150w\" sizes=\"(max-width: 650px) 100vw, 650px\" title=\"\">\t\t<\/a>\r\n\t<\/div>\r\n<\/div>\r\n\t<a itemprop=\"dateCreated\" href=\"https:\/\/virtualwareco.com\/es\/news\/2026\/04\/\" class=\"entry-date qodef-list-date \">\n\t\t<div class=\"qodef-day\">\n\t\t\t16\t\t<\/div>\n\t\t<div class=\"qodef-month\">\n\t\t\tAbr\t\t<\/div>\n\t<\/a>\n\t\t<div class=\"qodef-e-content\">\r\n\t\t\t<div class=\"qodef-e-top-holder\">\r\n\t\t\t\t<div class=\"qodef-e-info\">\r\n\t\t\t\t\t<a href=\"https:\/\/virtualwareco.com\/es\/news\/category\/inversores\/\" rel=\"tag\">Inversores<\/a><span class=\"qodef-info-category-separator-single\"><\/span><a href=\"https:\/\/virtualwareco.com\/es\/news\/category\/corporate-es\/\" rel=\"tag\">Corporate<\/a><div class=\"qodef-info-separator-end\"><\/div>\t\t\t\t<\/div>\r\n\t\t\t<\/div>\r\n\t\t\t<div class=\"qodef-e-text\">\r\n\t\t\t\t<h4 itemprop=\"name\" class=\"qodef-e-title entry-title\" >\r\n\t<a itemprop=\"url\" class=\"qodef-e-title-link\" href=\"https:\/\/virtualwareco.com\/es\/news\/apuesta-norteamerica\/\">\r\n\t\tVirtualware redobla su apuesta por Norteam\u00e9rica, que ya representa el 40% de los ingresos de 2025\t<\/a>\r\n<\/h4>\r\n\t\t<p itemprop=\"description\" class=\"qodef-e-excerpt\">Resumen de la llamada a inversores de Virtualware de abril de 2026 sobre los resultados del ejercicio 2025: contrataci\u00f3n r\u00e9cord superior a 8M\u20ac, ingresos de 4,32M\u20ac y gu\u00eda par<\/p>\n\t\t\t\t\t<\/div>\r\n\t\t\t<div class=\"qodef-e-bottom-holder\">\r\n\t\t\t\t<div class=\"qodef-e-left\">\r\n\t\t\t\t\t\t<div class=\"qodef-e-read-more\">\n\t\t<a class=\"qodef-shortcode qodef-m qodef-button qodef-layout--filled qodef-html--link\" href=\"https:\/\/virtualwareco.com\/es\/news\/apuesta-norteamerica\/\" target=\"_self\">\r    <span class=\"qodef-m-text\">Leer m\u00e1s<\/span>\r    <span class=\"qodef-m-arrow\"><svg class=\"qodef-svg--button-arrow\" xmlns=\"http:\/\/www.w3.org\/2000\/svg\" width=\"10\" height=\"10\" viewBox=\"0 0 9.8 9.8\"><g><path d=\"m.4 9.4 9-9\"\/><path d=\"M.4.5h8.9\"\/><path d=\"M9.3 9.4V.5\"\/><\/g><g><path d=\"m.4 9.4 9-9\"\/><path d=\"M.4.5h8.9\"\/><path d=\"M9.3 9.4V.5\"\/><\/g><\/svg><\/span>\r<\/a>\r\t<\/div>\n\t\t\t\t<\/div>\r\n\t\t\t\t<div class=\"qodef-e-right qodef-e-info\">\r\n\t\t\t\t\t\t\t\t\t<\/div>\r\n\t\t\t<\/div>\r\n\t\t<\/div>\r\n\t<\/div>\r\n<\/article>\r\n<article class=\"qodef-e qodef-blog-item qodef-grid-item qodef-item--square post-43205 post type-post status-publish format-standard has-post-thumbnail hentry category-inversores category-corporativo-2\">\r\n\t<div class=\"qodef-e-inner\">\r\n\t\t<div class=\"qodef-e-media\">\r\n\t\t<div class=\"qodef-e-media-image\">\r\n\t\t<a itemprop=\"url\" href=\"https:\/\/virtualwareco.com\/es\/news\/publica-resultados-auditados-2025\/\">\r\n\t\t\t<img decoding=\"async\" width=\"650\" height=\"650\" src=\"https:\/\/virtualwareco.com\/wp-content\/uploads\/2025\/10\/Virtualware_Wallpaper_2025_Web-650x650.jpg\" class=\"attachment-leroux_core_image_size_square size-leroux_core_image_size_square wp-post-image\" alt=\"Virtualware_Wallpaper_2025_Web\" srcset=\"https:\/\/virtualwareco.com\/wp-content\/uploads\/2025\/10\/Virtualware_Wallpaper_2025_Web-650x650.jpg 650w, https:\/\/virtualwareco.com\/wp-content\/uploads\/2025\/10\/Virtualware_Wallpaper_2025_Web-150x150.jpg 150w\" sizes=\"(max-width: 650px) 100vw, 650px\" title=\"\">\t\t<\/a>\r\n\t<\/div>\r\n<\/div>\r\n\t<a itemprop=\"dateCreated\" href=\"https:\/\/virtualwareco.com\/es\/news\/2026\/03\/\" class=\"entry-date qodef-list-date \">\n\t\t<div class=\"qodef-day\">\n\t\t\t30\t\t<\/div>\n\t\t<div class=\"qodef-month\">\n\t\t\tMar\t\t<\/div>\n\t<\/a>\n\t\t<div class=\"qodef-e-content\">\r\n\t\t\t<div class=\"qodef-e-top-holder\">\r\n\t\t\t\t<div class=\"qodef-e-info\">\r\n\t\t\t\t\t<a href=\"https:\/\/virtualwareco.com\/es\/news\/category\/inversores\/\" rel=\"tag\">Inversores<\/a><span class=\"qodef-info-category-separator-single\"><\/span><a href=\"https:\/\/virtualwareco.com\/es\/news\/category\/corporativo-2\/\" rel=\"tag\">Corporativo<\/a><div class=\"qodef-info-separator-end\"><\/div>\t\t\t\t<\/div>\r\n\t\t\t<\/div>\r\n\t\t\t<div class=\"qodef-e-text\">\r\n\t\t\t\t<h4 itemprop=\"name\" class=\"qodef-e-title entry-title\" >\r\n\t<a itemprop=\"url\" class=\"qodef-e-title-link\" href=\"https:\/\/virtualwareco.com\/es\/news\/publica-resultados-auditados-2025\/\">\r\n\t\tVirtualware publica resultados auditados de 2025: mejora de m\u00e1rgenes y contrataci\u00f3n r\u00e9cord\t<\/a>\r\n<\/h4>\r\n\t\t<p itemprop=\"description\" class=\"qodef-e-excerpt\">Virtualware presenta sus resultados auditados de 2025 con una clara mejora de m\u00e1rgenes y un r\u00e9cord hist\u00f3rico de contrataci\u00f3n, consolidando su crecimiento en el mercado de la re<\/p>\n\t\t\t\t\t<\/div>\r\n\t\t\t<div class=\"qodef-e-bottom-holder\">\r\n\t\t\t\t<div class=\"qodef-e-left\">\r\n\t\t\t\t\t\t<div class=\"qodef-e-read-more\">\n\t\t<a class=\"qodef-shortcode qodef-m qodef-button qodef-layout--filled qodef-html--link\" href=\"https:\/\/virtualwareco.com\/es\/news\/publica-resultados-auditados-2025\/\" target=\"_self\">\r    <span class=\"qodef-m-text\">Leer m\u00e1s<\/span>\r    <span class=\"qodef-m-arrow\"><svg class=\"qodef-svg--button-arrow\" xmlns=\"http:\/\/www.w3.org\/2000\/svg\" width=\"10\" height=\"10\" viewBox=\"0 0 9.8 9.8\"><g><path d=\"m.4 9.4 9-9\"\/><path d=\"M.4.5h8.9\"\/><path d=\"M9.3 9.4V.5\"\/><\/g><g><path d=\"m.4 9.4 9-9\"\/><path d=\"M.4.5h8.9\"\/><path d=\"M9.3 9.4V.5\"\/><\/g><\/svg><\/span>\r<\/a>\r\t<\/div>\n\t\t\t\t<\/div>\r\n\t\t\t\t<div class=\"qodef-e-right qodef-e-info\">\r\n\t\t\t\t\t\t\t\t\t<\/div>\r\n\t\t\t<\/div>\r\n\t\t<\/div>\r\n\t<\/div>\r\n<\/article>\r\n<article class=\"qodef-e qodef-blog-item qodef-grid-item qodef-item--square post-42881 post type-post status-publish format-standard has-post-thumbnail hentry category-corporate-es category-inversores\">\r\n\t<div class=\"qodef-e-inner\">\r\n\t\t<div class=\"qodef-e-media\">\r\n\t\t<div class=\"qodef-e-media-image\">\r\n\t\t<a itemprop=\"url\" href=\"https:\/\/virtualwareco.com\/es\/news\/adif-ampliacion-simulador-ferroviario\/\">\r\n\t\t\t<img loading=\"lazy\" decoding=\"async\" width=\"650\" height=\"650\" src=\"https:\/\/virtualwareco.com\/wp-content\/uploads\/2026\/03\/P1050803-650x650.jpg\" class=\"attachment-leroux_core_image_size_square size-leroux_core_image_size_square wp-post-image\" alt=\"ADIF VIROO\" srcset=\"https:\/\/virtualwareco.com\/wp-content\/uploads\/2026\/03\/P1050803-650x650.jpg 650w, https:\/\/virtualwareco.com\/wp-content\/uploads\/2026\/03\/P1050803-150x150.jpg 150w, https:\/\/virtualwareco.com\/wp-content\/uploads\/2026\/03\/P1050803-1300x1300.jpg 1300w\" sizes=\"(max-width: 650px) 100vw, 650px\" title=\"\">\t\t<\/a>\r\n\t<\/div>\r\n<\/div>\r\n\t<a itemprop=\"dateCreated\" href=\"https:\/\/virtualwareco.com\/es\/news\/2026\/03\/\" class=\"entry-date qodef-list-date \">\n\t\t<div class=\"qodef-day\">\n\t\t\t09\t\t<\/div>\n\t\t<div class=\"qodef-month\">\n\t\t\tMar\t\t<\/div>\n\t<\/a>\n\t\t<div class=\"qodef-e-content\">\r\n\t\t\t<div class=\"qodef-e-top-holder\">\r\n\t\t\t\t<div class=\"qodef-e-info\">\r\n\t\t\t\t\t<a href=\"https:\/\/virtualwareco.com\/es\/news\/category\/corporate-es\/\" rel=\"tag\">Corporate<\/a><span class=\"qodef-info-category-separator-single\"><\/span><a href=\"https:\/\/virtualwareco.com\/es\/news\/category\/inversores\/\" rel=\"tag\">Inversores<\/a><div class=\"qodef-info-separator-end\"><\/div>\t\t\t\t<\/div>\r\n\t\t\t<\/div>\r\n\t\t\t<div class=\"qodef-e-text\">\r\n\t\t\t\t<h4 itemprop=\"name\" class=\"qodef-e-title entry-title\" >\r\n\t<a itemprop=\"url\" class=\"qodef-e-title-link\" href=\"https:\/\/virtualwareco.com\/es\/news\/adif-ampliacion-simulador-ferroviario\/\">\r\n\t\tVirtualware renueva por m\u00e1s de 800.000 euros su contrato con ADIF para evolucionar su soluci\u00f3n de realidad virtual para la formaci\u00f3n ferroviaria\t<\/a>\r\n<\/h4>\r\n\t\t<p itemprop=\"description\" class=\"qodef-e-excerpt\">El gestor de la red ferroviaria en Espa\u00f1a renueva un acuerdo de cuatro a\u00f1os, valorado en m\u00e1s de 800.000 \u20ac, para su Simulador de Formaci\u00f3n en Infraestructura Ferroviaria (RITS<\/p>\n\t\t\t\t\t<\/div>\r\n\t\t\t<div class=\"qodef-e-bottom-holder\">\r\n\t\t\t\t<div class=\"qodef-e-left\">\r\n\t\t\t\t\t\t<div class=\"qodef-e-read-more\">\n\t\t<a class=\"qodef-shortcode qodef-m qodef-button qodef-layout--filled qodef-html--link\" href=\"https:\/\/virtualwareco.com\/es\/news\/adif-ampliacion-simulador-ferroviario\/\" target=\"_self\">\r    <span class=\"qodef-m-text\">Leer m\u00e1s<\/span>\r    <span class=\"qodef-m-arrow\"><svg class=\"qodef-svg--button-arrow\" xmlns=\"http:\/\/www.w3.org\/2000\/svg\" width=\"10\" height=\"10\" viewBox=\"0 0 9.8 9.8\"><g><path d=\"m.4 9.4 9-9\"\/><path d=\"M.4.5h8.9\"\/><path d=\"M9.3 9.4V.5\"\/><\/g><g><path d=\"m.4 9.4 9-9\"\/><path d=\"M.4.5h8.9\"\/><path d=\"M9.3 9.4V.5\"\/><\/g><\/svg><\/span>\r<\/a>\r\t<\/div>\n\t\t\t\t<\/div>\r\n\t\t\t\t<div class=\"qodef-e-right qodef-e-info\">\r\n\t\t\t\t\t\t\t\t\t<\/div>\r\n\t\t\t<\/div>\r\n\t\t<\/div>\r\n\t<\/div>\r\n<\/article>\r\n<article class=\"qodef-e qodef-blog-item qodef-grid-item qodef-item--square post-42724 post type-post status-publish format-standard has-post-thumbnail hentry category-corporate-es category-inversores\">\r\n\t<div class=\"qodef-e-inner\">\r\n\t\t<div class=\"qodef-e-media\">\r\n\t\t<div class=\"qodef-e-media-image\">\r\n\t\t<a itemprop=\"url\" href=\"https:\/\/virtualwareco.com\/es\/news\/publica-guidance-2026\/\">\r\n\t\t\t<img loading=\"lazy\" decoding=\"async\" width=\"650\" height=\"650\" src=\"https:\/\/virtualwareco.com\/wp-content\/uploads\/2026\/02\/letteroftheceo_unpredictabletormorrw-650x650.jpg\" class=\"attachment-leroux_core_image_size_square size-leroux_core_image_size_square wp-post-image\" alt=\"\" srcset=\"https:\/\/virtualwareco.com\/wp-content\/uploads\/2026\/02\/letteroftheceo_unpredictabletormorrw-650x650.jpg 650w, https:\/\/virtualwareco.com\/wp-content\/uploads\/2026\/02\/letteroftheceo_unpredictabletormorrw-150x150.jpg 150w, https:\/\/virtualwareco.com\/wp-content\/uploads\/2026\/02\/letteroftheceo_unpredictabletormorrw-1300x1300.jpg 1300w\" sizes=\"(max-width: 650px) 100vw, 650px\" title=\"\">\t\t<\/a>\r\n\t<\/div>\r\n<\/div>\r\n\t<a itemprop=\"dateCreated\" href=\"https:\/\/virtualwareco.com\/es\/news\/2026\/02\/\" class=\"entry-date qodef-list-date \">\n\t\t<div class=\"qodef-day\">\n\t\t\t12\t\t<\/div>\n\t\t<div class=\"qodef-month\">\n\t\t\tFeb\t\t<\/div>\n\t<\/a>\n\t\t<div class=\"qodef-e-content\">\r\n\t\t\t<div class=\"qodef-e-top-holder\">\r\n\t\t\t\t<div class=\"qodef-e-info\">\r\n\t\t\t\t\t<a href=\"https:\/\/virtualwareco.com\/es\/news\/category\/corporate-es\/\" rel=\"tag\">Corporate<\/a><span class=\"qodef-info-category-separator-single\"><\/span><a href=\"https:\/\/virtualwareco.com\/es\/news\/category\/inversores\/\" rel=\"tag\">Inversores<\/a><div class=\"qodef-info-separator-end\"><\/div>\t\t\t\t<\/div>\r\n\t\t\t<\/div>\r\n\t\t\t<div class=\"qodef-e-text\">\r\n\t\t\t\t<h4 itemprop=\"name\" class=\"qodef-e-title entry-title\" >\r\n\t<a itemprop=\"url\" class=\"qodef-e-title-link\" href=\"https:\/\/virtualwareco.com\/es\/news\/publica-guidance-2026\/\">\r\n\t\tVirtualware publica su guidance para 2026: prev\u00e9 un crecimiento org\u00e1nico superior al 30% y un EBITDA del 20-25%\t<\/a>\r\n<\/h4>\r\n\t\t<p itemprop=\"description\" class=\"qodef-e-excerpt\">Virtualware ha publicado hoy sus previsiones financieras para el ejercicio 2026 en una carta al mercado firmada por su fundador y CEO, Unai Extremo.<\/p>\n\t\t\t\t\t<\/div>\r\n\t\t\t<div class=\"qodef-e-bottom-holder\">\r\n\t\t\t\t<div class=\"qodef-e-left\">\r\n\t\t\t\t\t\t<div class=\"qodef-e-read-more\">\n\t\t<a class=\"qodef-shortcode qodef-m qodef-button qodef-layout--filled qodef-html--link\" href=\"https:\/\/virtualwareco.com\/es\/news\/publica-guidance-2026\/\" target=\"_self\">\r    <span class=\"qodef-m-text\">Leer m\u00e1s<\/span>\r    <span class=\"qodef-m-arrow\"><svg class=\"qodef-svg--button-arrow\" xmlns=\"http:\/\/www.w3.org\/2000\/svg\" width=\"10\" height=\"10\" viewBox=\"0 0 9.8 9.8\"><g><path d=\"m.4 9.4 9-9\"\/><path d=\"M.4.5h8.9\"\/><path d=\"M9.3 9.4V.5\"\/><\/g><g><path d=\"m.4 9.4 9-9\"\/><path d=\"M.4.5h8.9\"\/><path d=\"M9.3 9.4V.5\"\/><\/g><\/svg><\/span>\r<\/a>\r\t<\/div>\n\t\t\t\t<\/div>\r\n\t\t\t\t<div class=\"qodef-e-right qodef-e-info\">\r\n\t\t\t\t\t\t\t\t\t<\/div>\r\n\t\t\t<\/div>\r\n\t\t<\/div>\r\n\t<\/div>\r\n<\/article>\r\n\t<\/div>\r\n\t<\/div>\r\n\t\t\t\t<\/div>\n\t\t\t\t<\/div>\n\t\t\t\t<\/div>\n\t\t\t\t<\/div>\n\t\t\t\t<\/div>\n\t\t","protected":false},"excerpt":{"rendered":"<p>Investor Relations Llamada a Inversores (14 Abril, 2026) Esta llamada resume los resultados de 2025 de Virtualware, con contrataci\u00f3n r\u00e9cord superior a 8M\u20ac, ingresos de 4,32M\u20ac y una gu\u00eda de crecimiento org\u00e1nico del 30% para 2026, impulsado por la expansi\u00f3n en Norteam\u00e9rica https:\/\/youtu.be\/4YpxL8CBaGM?si=NKEpMIigjxbA1lN2 Presentaci\u00f3n Equity Story Contact our IR team Latest IR News 16 Apr [&hellip;]<\/p>\n","protected":false},"author":6,"featured_media":40367,"parent":41032,"menu_order":0,"comment_status":"closed","ping_status":"closed","template":"page-full-width.php","meta":{"footnotes":""},"class_list":["post-42257","page","type-page","status-publish","has-post-thumbnail","hentry"],"_links":{"self":[{"href":"https:\/\/virtualwareco.com\/es\/wp-json\/wp\/v2\/pages\/42257","targetHints":{"allow":["GET"]}}],"collection":[{"href":"https:\/\/virtualwareco.com\/es\/wp-json\/wp\/v2\/pages"}],"about":[{"href":"https:\/\/virtualwareco.com\/es\/wp-json\/wp\/v2\/types\/page"}],"author":[{"embeddable":true,"href":"https:\/\/virtualwareco.com\/es\/wp-json\/wp\/v2\/users\/6"}],"replies":[{"embeddable":true,"href":"https:\/\/virtualwareco.com\/es\/wp-json\/wp\/v2\/comments?post=42257"}],"version-history":[{"count":66,"href":"https:\/\/virtualwareco.com\/es\/wp-json\/wp\/v2\/pages\/42257\/revisions"}],"predecessor-version":[{"id":43513,"href":"https:\/\/virtualwareco.com\/es\/wp-json\/wp\/v2\/pages\/42257\/revisions\/43513"}],"up":[{"embeddable":true,"href":"https:\/\/virtualwareco.com\/es\/wp-json\/wp\/v2\/pages\/41032"}],"wp:featuredmedia":[{"embeddable":true,"href":"https:\/\/virtualwareco.com\/es\/wp-json\/wp\/v2\/media\/40367"}],"wp:attachment":[{"href":"https:\/\/virtualwareco.com\/es\/wp-json\/wp\/v2\/media?parent=42257"}],"curies":[{"name":"wp","href":"https:\/\/api.w.org\/{rel}","templated":true}]}}